{"id":1242,"date":"2022-12-15T16:03:03","date_gmt":"2022-12-15T15:03:03","guid":{"rendered":"https:\/\/thermes-casteljaloux.com\/our-appartments\/"},"modified":"2023-06-09T14:44:58","modified_gmt":"2023-06-09T12:44:58","slug":"our-appartments","status":"publish","type":"page","link":"https:\/\/thermes-casteljaloux.com\/en\/our-appartments\/","title":{"rendered":"Our appartments"},"content":{"rendered":"\n<div class=\"row align-items-lg-center row-cols-lg-auto\">\n<div class=\"col-lg-6 offset-lg-false\">\n<figure class=\"wp-block-image size-full\"><img loading=\"lazy\" decoding=\"async\" width=\"1024\" height=\"683\" src=\"http:\/\/thermes-casteljaloux.com\/wp-content\/uploads\/2022\/12\/nos-appartements-grand-confort-hebergement-thermes-casteljaloux.jpg\" alt=\"\" class=\"wp-image-452\" srcset=\"https:\/\/thermes-casteljaloux.com\/wp-content\/uploads\/2022\/12\/nos-appartements-grand-confort-hebergement-thermes-casteljaloux.jpg 1024w, https:\/\/thermes-casteljaloux.com\/wp-content\/uploads\/2022\/12\/nos-appartements-grand-confort-hebergement-thermes-casteljaloux-400x267.jpg 400w, https:\/\/thermes-casteljaloux.com\/wp-content\/uploads\/2022\/12\/nos-appartements-grand-confort-hebergement-thermes-casteljaloux-768x512.jpg 768w, https:\/\/thermes-casteljaloux.com\/wp-content\/uploads\/2022\/12\/nos-appartements-grand-confort-hebergement-thermes-casteljaloux-300x200.jpg 300w\" sizes=\"auto, (max-width: 1024px) 100vw, 1024px\" \/><\/figure>\n<\/div>\n\n\n\n<div class=\"col-lg-6 offset-lg-false\">\n<h1 class=\"wp-block-heading\">Our appartments<\/h1>\n\n\n\n<p>Nos Appartements sont modernes, climatis\u00e9s, spacieux (36 m\u00b2) et confortables.<\/p>\n<\/div>\n<\/div>\n\n<div class=\"row bs-1HDgBf\">\n<div class=\"col-lg-12\">\n<p>Ils peuvent accueillir jusqu\u2019\u00e0 4 personnes.<br\/>Ils sont tous \u00e9quip\u00e9s d\u2019une terrasse avec mobilier qui vous permet de prendre vos d\u00e9jeuners et diners en ext\u00e9rieur.<br\/><br\/>Tous les appartements sont compos\u00e9s: \u2022 d\u2019une salle \u00e0 manger avec coin repas, salon (avec canap\u00e9 lit, TV \u00e9cran plat, lecteur DVD), cuisine moderne enti\u00e8rement \u00e9quip\u00e9e (lave-vaisselle, four multifonctions, plaque vitroc\u00e9ramique, r\u00e9frig\u00e9rateur, grille-pain, vaisselle moderne \u2026)<br\/><br\/>Vous disposez d\u2019une chambre ind\u00e9pendante avec Lit king Size 180 x 200 ou 2 lits Twin Size 90 x 200. Les salles de Bain sont toutes \u00e9quip\u00e9es d\u2019une douche \u00e0 l\u2019italienne. Toilettes. Draps, peignoirs et serviettes vous sont fournis.<\/p>\n\n\n\n<h4 class=\"wp-block-heading\">Vous b\u00e9n\u00e9ficiez durant votre s\u00e9jour d\u2019un Pass VIP vous donnant l\u2019acc\u00e8s illimit\u00e9 et gratuit aux Bains.<\/h4>\n\n\n\n<p><strong>Ce Pass vous est remis \u00e0 partir de 14 h le jour de votre arriv\u00e9e et r\u00e9cup\u00e9r\u00e9 \u00e0 12h le jour de votre d\u00e9part<\/strong>, ind\u00e9pendamment de la mise \u00e0 disposition de votre logement qui n\u2019est garanti qu\u2019\u00e0 partir de 17h.<\/p>\n\n\n\n<div class=\"wp-block-buttons is-content-justification-center is-layout-flex wp-container-core-buttons-is-layout-16018d1d wp-block-buttons-is-layout-flex\">\n<div class=\"wp-block-button bs-Z2li6yq\"><a class=\"wp-block-button__link wp-element-button\" href=\"https:\/\/www.calameo.com\/read\/003221223324c23b87cb0?page=16\" target=\"_blank\" rel=\"noreferrer noopener\">Consultez les tarifs de nos appartements<\/a><\/div>\n<\/div>\n<\/div>\n<\/div>\n\n<div class=\"fullwidth row\">\n<div class=\"col-lg-12\">\n<div class=\"marquee\"><span>NOS APPARTEMENTS GRAND CONFORT \u2022 NOS APPARTEMENTS GRAND CONFORT<\/span><\/div>\n<\/div>\n<\/div>\n\n<div class=\"fullwidth row bs-ZxQoor\">\n<div class=\"col-lg-12\"><div class=\"wp-block-image\">\n<figure class=\"aligncenter size-full\"><img loading=\"lazy\" decoding=\"async\" width=\"1920\" height=\"830\" src=\"http:\/\/thermes-casteljaloux.com\/wp-content\/uploads\/2022\/12\/thermes-de-casteljaloux-footer-hebergement.jpg\" alt=\"\" class=\"wp-image-437\" srcset=\"https:\/\/thermes-casteljaloux.com\/wp-content\/uploads\/2022\/12\/thermes-de-casteljaloux-footer-hebergement.jpg 1920w, https:\/\/thermes-casteljaloux.com\/wp-content\/uploads\/2022\/12\/thermes-de-casteljaloux-footer-hebergement-400x173.jpg 400w, https:\/\/thermes-casteljaloux.com\/wp-content\/uploads\/2022\/12\/thermes-de-casteljaloux-footer-hebergement-1024x443.jpg 1024w, https:\/\/thermes-casteljaloux.com\/wp-content\/uploads\/2022\/12\/thermes-de-casteljaloux-footer-hebergement-768x332.jpg 768w, https:\/\/thermes-casteljaloux.com\/wp-content\/uploads\/2022\/12\/thermes-de-casteljaloux-footer-hebergement-1536x664.jpg 1536w, https:\/\/thermes-casteljaloux.com\/wp-content\/uploads\/2022\/12\/thermes-de-casteljaloux-footer-hebergement-300x130.jpg 300w\" sizes=\"auto, (max-width: 1920px) 100vw, 1920px\" \/><\/figure>\n<\/div><\/div>\n<\/div>\n","protected":false},"excerpt":{"rendered":"","protected":false},"author":4,"featured_media":0,"parent":0,"menu_order":0,"comment_status":"closed","ping_status":"closed","template":"","meta":{"footnotes":""},"class_list":["post-1242","page","type-page","status-publish","hentry"],"acf":[],"yoast_head":"<!-- This site is optimized with the Yoast SEO plugin v21.9.1 - https:\/\/yoast.com\/wordpress\/plugins\/seo\/ -->\n<title>Appartements en location pour votre cure thermale \u00e0 Casteljaloux<\/title>\n<meta name=\"description\" content=\"Retrouvez tous les appartements disponibles pour votre cure thermale aux Thermes de Casteljaloux. Nous vous accueillons pour votre cure conventionn\u00e9e.\" \/>\n<meta name=\"robots\" content=\"index, follow, max-snippet:-1, max-image-preview:large, max-video-preview:-1\" \/>\n<link rel=\"canonical\" href=\"https:\/\/thermes-casteljaloux.com\/en\/our-appartments\/\" \/>\n<meta property=\"og:locale\" content=\"en_US\" \/>\n<meta property=\"og:type\" content=\"article\" \/>\n<meta property=\"og:title\" content=\"Appartements en location pour votre cure thermale \u00e0 Casteljaloux\" \/>\n<meta property=\"og:description\" content=\"Retrouvez tous les appartements disponibles pour votre cure thermale aux Thermes de Casteljaloux. Nous vous accueillons pour votre cure conventionn\u00e9e.\" \/>\n<meta property=\"og:url\" content=\"https:\/\/thermes-casteljaloux.com\/en\/our-appartments\/\" \/>\n<meta property=\"og:site_name\" content=\"Thermes de Casteljaloux\" \/>\n<meta property=\"article:publisher\" content=\"https:\/\/www.facebook.com\/thermesdecasteljaloux\/\" \/>\n<meta property=\"article:modified_time\" content=\"2023-06-09T12:44:58+00:00\" \/>\n<meta property=\"og:image\" content=\"http:\/\/thermes-casteljaloux.com\/wp-content\/uploads\/2022\/12\/nos-appartements-grand-confort-hebergement-thermes-casteljaloux.jpg\" \/>\n<meta name=\"twitter:card\" content=\"summary_large_image\" \/>\n<meta name=\"twitter:label1\" content=\"Est. reading time\" \/>\n\t<meta name=\"twitter:data1\" content=\"1 minute\" \/>\n<script type=\"application\/ld+json\" class=\"yoast-schema-graph\">{\"@context\":\"https:\/\/schema.org\",\"@graph\":[{\"@type\":\"WebPage\",\"@id\":\"https:\/\/thermes-casteljaloux.com\/en\/our-appartments\/\",\"url\":\"https:\/\/thermes-casteljaloux.com\/en\/our-appartments\/\",\"name\":\"Appartements en location pour votre cure thermale \u00e0 Casteljaloux\",\"isPartOf\":{\"@id\":\"https:\/\/thermes-casteljaloux.com\/#website\"},\"datePublished\":\"2022-12-15T15:03:03+00:00\",\"dateModified\":\"2023-06-09T12:44:58+00:00\",\"description\":\"Retrouvez tous les appartements disponibles pour votre cure thermale aux Thermes de Casteljaloux. Nous vous accueillons pour votre cure conventionn\u00e9e.\",\"breadcrumb\":{\"@id\":\"https:\/\/thermes-casteljaloux.com\/en\/our-appartments\/#breadcrumb\"},\"inLanguage\":\"en-US\",\"potentialAction\":[{\"@type\":\"ReadAction\",\"target\":[\"https:\/\/thermes-casteljaloux.com\/en\/our-appartments\/\"]}]},{\"@type\":\"BreadcrumbList\",\"@id\":\"https:\/\/thermes-casteljaloux.com\/en\/our-appartments\/#breadcrumb\",\"itemListElement\":[{\"@type\":\"ListItem\",\"position\":1,\"name\":\"Accueil\",\"item\":\"https:\/\/thermes-casteljaloux.com\/\"},{\"@type\":\"ListItem\",\"position\":2,\"name\":\"Our appartments\"}]},{\"@type\":\"WebSite\",\"@id\":\"https:\/\/thermes-casteljaloux.com\/#website\",\"url\":\"https:\/\/thermes-casteljaloux.com\/\",\"name\":\"Thermes de Casteljaloux\",\"description\":\"\u00c9tablissements, centre de cure Thermale en Lot et Garonne\",\"publisher\":{\"@id\":\"https:\/\/thermes-casteljaloux.com\/#organization\"},\"potentialAction\":[{\"@type\":\"SearchAction\",\"target\":{\"@type\":\"EntryPoint\",\"urlTemplate\":\"https:\/\/thermes-casteljaloux.com\/?s={search_term_string}\"},\"query-input\":\"required name=search_term_string\"}],\"inLanguage\":\"en-US\"},{\"@type\":\"Organization\",\"@id\":\"https:\/\/thermes-casteljaloux.com\/#organization\",\"name\":\"Thermes de Casteljaloux\",\"url\":\"https:\/\/thermes-casteljaloux.com\/\",\"logo\":{\"@type\":\"ImageObject\",\"inLanguage\":\"en-US\",\"@id\":\"https:\/\/thermes-casteljaloux.com\/#\/schema\/logo\/image\/\",\"url\":\"https:\/\/thermes-casteljaloux.com\/wp-content\/uploads\/2025\/12\/cropped-LOGO-CJX-Marron.png\",\"contentUrl\":\"https:\/\/thermes-casteljaloux.com\/wp-content\/uploads\/2025\/12\/cropped-LOGO-CJX-Marron.png\",\"width\":500,\"height\":205,\"caption\":\"Thermes de Casteljaloux\"},\"image\":{\"@id\":\"https:\/\/thermes-casteljaloux.com\/#\/schema\/logo\/image\/\"},\"sameAs\":[\"https:\/\/www.facebook.com\/thermesdecasteljaloux\/\"]}]}<\/script>\n<!-- \/ Yoast SEO plugin. -->","yoast_head_json":{"title":"Appartements en location pour votre cure thermale \u00e0 Casteljaloux","description":"Retrouvez tous les appartements disponibles pour votre cure thermale aux Thermes de Casteljaloux. Nous vous accueillons pour votre cure conventionn\u00e9e.","robots":{"index":"index","follow":"follow","max-snippet":"max-snippet:-1","max-image-preview":"max-image-preview:large","max-video-preview":"max-video-preview:-1"},"canonical":"https:\/\/thermes-casteljaloux.com\/en\/our-appartments\/","og_locale":"en_US","og_type":"article","og_title":"Appartements en location pour votre cure thermale \u00e0 Casteljaloux","og_description":"Retrouvez tous les appartements disponibles pour votre cure thermale aux Thermes de Casteljaloux. Nous vous accueillons pour votre cure conventionn\u00e9e.","og_url":"https:\/\/thermes-casteljaloux.com\/en\/our-appartments\/","og_site_name":"Thermes de Casteljaloux","article_publisher":"https:\/\/www.facebook.com\/thermesdecasteljaloux\/","article_modified_time":"2023-06-09T12:44:58+00:00","og_image":[{"url":"http:\/\/thermes-casteljaloux.com\/wp-content\/uploads\/2022\/12\/nos-appartements-grand-confort-hebergement-thermes-casteljaloux.jpg"}],"twitter_card":"summary_large_image","twitter_misc":{"Est. reading time":"1 minute"},"schema":{"@context":"https:\/\/schema.org","@graph":[{"@type":"WebPage","@id":"https:\/\/thermes-casteljaloux.com\/en\/our-appartments\/","url":"https:\/\/thermes-casteljaloux.com\/en\/our-appartments\/","name":"Appartements en location pour votre cure thermale \u00e0 Casteljaloux","isPartOf":{"@id":"https:\/\/thermes-casteljaloux.com\/#website"},"datePublished":"2022-12-15T15:03:03+00:00","dateModified":"2023-06-09T12:44:58+00:00","description":"Retrouvez tous les appartements disponibles pour votre cure thermale aux Thermes de Casteljaloux. Nous vous accueillons pour votre cure conventionn\u00e9e.","breadcrumb":{"@id":"https:\/\/thermes-casteljaloux.com\/en\/our-appartments\/#breadcrumb"},"inLanguage":"en-US","potentialAction":[{"@type":"ReadAction","target":["https:\/\/thermes-casteljaloux.com\/en\/our-appartments\/"]}]},{"@type":"BreadcrumbList","@id":"https:\/\/thermes-casteljaloux.com\/en\/our-appartments\/#breadcrumb","itemListElement":[{"@type":"ListItem","position":1,"name":"Accueil","item":"https:\/\/thermes-casteljaloux.com\/"},{"@type":"ListItem","position":2,"name":"Our appartments"}]},{"@type":"WebSite","@id":"https:\/\/thermes-casteljaloux.com\/#website","url":"https:\/\/thermes-casteljaloux.com\/","name":"Thermes de Casteljaloux","description":"\u00c9tablissements, centre de cure Thermale en Lot et Garonne","publisher":{"@id":"https:\/\/thermes-casteljaloux.com\/#organization"},"potentialAction":[{"@type":"SearchAction","target":{"@type":"EntryPoint","urlTemplate":"https:\/\/thermes-casteljaloux.com\/?s={search_term_string}"},"query-input":"required name=search_term_string"}],"inLanguage":"en-US"},{"@type":"Organization","@id":"https:\/\/thermes-casteljaloux.com\/#organization","name":"Thermes de Casteljaloux","url":"https:\/\/thermes-casteljaloux.com\/","logo":{"@type":"ImageObject","inLanguage":"en-US","@id":"https:\/\/thermes-casteljaloux.com\/#\/schema\/logo\/image\/","url":"https:\/\/thermes-casteljaloux.com\/wp-content\/uploads\/2025\/12\/cropped-LOGO-CJX-Marron.png","contentUrl":"https:\/\/thermes-casteljaloux.com\/wp-content\/uploads\/2025\/12\/cropped-LOGO-CJX-Marron.png","width":500,"height":205,"caption":"Thermes de Casteljaloux"},"image":{"@id":"https:\/\/thermes-casteljaloux.com\/#\/schema\/logo\/image\/"},"sameAs":["https:\/\/www.facebook.com\/thermesdecasteljaloux\/"]}]}},"_links":{"self":[{"href":"https:\/\/thermes-casteljaloux.com\/en\/wp-json\/wp\/v2\/pages\/1242","targetHints":{"allow":["GET"]}}],"collection":[{"href":"https:\/\/thermes-casteljaloux.com\/en\/wp-json\/wp\/v2\/pages"}],"about":[{"href":"https:\/\/thermes-casteljaloux.com\/en\/wp-json\/wp\/v2\/types\/page"}],"author":[{"embeddable":true,"href":"https:\/\/thermes-casteljaloux.com\/en\/wp-json\/wp\/v2\/users\/4"}],"replies":[{"embeddable":true,"href":"https:\/\/thermes-casteljaloux.com\/en\/wp-json\/wp\/v2\/comments?post=1242"}],"version-history":[{"count":3,"href":"https:\/\/thermes-casteljaloux.com\/en\/wp-json\/wp\/v2\/pages\/1242\/revisions"}],"predecessor-version":[{"id":1245,"href":"https:\/\/thermes-casteljaloux.com\/en\/wp-json\/wp\/v2\/pages\/1242\/revisions\/1245"}],"wp:attachment":[{"href":"https:\/\/thermes-casteljaloux.com\/en\/wp-json\/wp\/v2\/media?parent=1242"}],"curies":[{"name":"wp","href":"https:\/\/api.w.org\/{rel}","templated":true}]}}